{"id":3,"date":"2024-02-25T15:43:46","date_gmt":"2024-02-25T15:43:46","guid":{"rendered":"https:\/\/boomerswelt.de\/?page_id=3"},"modified":"2026-03-07T17:31:30","modified_gmt":"2026-03-07T17:31:30","slug":"privacy-policy","status":"publish","type":"page","link":"https:\/\/boomerswelt.de\/?page_id=3","title":{"rendered":"Datenschutz"},"content":{"rendered":"\r\n<p><strong>\u00a7 1 Information \u00fcber die Erhebung personenbezogener Daten<\/strong><\/p>\r\n<p>(1) Im Folgenden informieren wir \u00fcber die Erhebung personenbezogener Daten bei Nutzung unserer Website. Personenbezogene Daten sind alle Daten, die auf Sie pers\u00f6nlich beziehbar sind, z.B. Name, Adresse, E-Mail-Adressen, Nutzerverhalten.<br \/>(2) Verantwortlicher gem. Art. 4 Abs. 7 EU-Datenschutz-Grundverordnung (DSGVO) ist Dr. Michael Thalwitzer, Akazienweg 16, 50859 K\u00f6ln, E-Mail-Adresse: thalwitzer (at)car-news.tv.<\/p>\r\n<p><strong>\u00a7 2 Ihre Rechte<\/strong><\/p>\r\n<p>(1) Sie haben gegen\u00fcber uns folgende Rechte hinsichtlich der Sie betreffenden personenbezogenen Daten:<\/p>\r\n<ul>\r\n<li>Recht auf Auskunft,<\/li>\r\n<li>Recht auf Berichtigung oder L\u00f6schung,<\/li>\r\n<li>Recht auf Einschr\u00e4nkung der Verarbeitung,<\/li>\r\n<li>Recht auf Widerspruch gegen die Verarbeitung,<\/li>\r\n<li>Recht auf Daten\u00fcbertragbarkeit.<\/li>\r\n<\/ul>\r\n<p>(2) Sie haben zudem das Recht, sich bei einer Datenschutz-Aufsichtsbeh\u00f6rde \u00fcber die Verarbeitung Ihrer personenbezogenen Daten durch uns zu beschweren.<\/p>\r\n<p><strong>\u00a7 3 Erhebung personenbezogener Daten bei Besuch unserer Website<\/strong><\/p>\r\n<p>(1) Bei der blo\u00df informatorischen Nutzung der Website, also wenn Sie sich nicht registrieren oder uns anderweitig Informationen \u00fcbermitteln, erheben wir nur die personenbezogenen Daten, die Ihr Browser an unseren Server \u00fcbermittelt. Wenn Sie unsere Website betrachten m\u00f6chten, erheben wir die folgenden Daten, die f\u00fcr uns technisch erforderlich sind, um Ihnen unsere Website anzuzeigen und die Stabilit\u00e4t und Sicherheit zu gew\u00e4hrleisten (Rechtsgrundlage ist\u00a0Art. 6 Abs. 1 S. 1 lit. f DSGVO):<\/p>\r\n<ul>\r\n<li>IP-Adresse<\/li>\r\n<li>Datum und Uhrzeit der Anfrage<\/li>\r\n<li>Zeitzonendifferenz zur Greenwich Mean Time (GMT)<\/li>\r\n<li>Inhalt der Anforderung (konkrete Seite)<\/li>\r\n<li>Zugriffsstatus\/HTTP-Statuscode<\/li>\r\n<li>jeweils \u00fcbertragene Datenmenge<\/li>\r\n<li>Website, von der die Anforderung kommt<\/li>\r\n<li>Browser<\/li>\r\n<li>Betriebssystem und dessen Oberfl\u00e4che<\/li>\r\n<li>Sprache und Version der Browsersoftware.<\/li>\r\n<\/ul>\r\n<p>(2) Zus\u00e4tzlich zu den zuvor genannten Daten werden bei Ihrer Nutzung unserer Website Cookies auf Ihrem Rechner gespeichert. Bei Cookies handelt es sich um kleine Textdateien, die auf Ihrer Festplatte dem von Ihnen verwendeten Browser zugeordnet gespeichert werden und durch welche der Stelle, die den Cookie setzt (hier durch uns), bestimmte Informationen zuflie\u00dfen. Cookies k\u00f6nnen keine Programme ausf\u00fchren oder Viren auf Ihren Computer \u00fcbertragen. Sie dienen dazu, das Internetangebot insgesamt nutzerfreundlicher und effektiver zu machen.<\/p>\r\n<p>(3) Einsatz von Cookies:<\/p>\r\n<p>a) Diese Website nutzt folgende Arten von Cookies, deren Umfang und Funktionsweise im Folgenden erl\u00e4utert werden:<\/p>\r\n<ul>\r\n<li>Transiente Cookies (dazu b)<\/li>\r\n<li>Persistente Cookies (dazu c).<\/li>\r\n<\/ul>\r\n<p>b) Transiente Cookies werden automatisiert gel\u00f6scht, wenn Sie den Browser schlie\u00dfen. Dazu z\u00e4hlen insbesondere die Session-Cookies. Diese speichern eine sogenannte Session-ID, mit welcher sich verschiedene Anfragen Ihres Browsers der gemeinsamen Sitzung zuordnen lassen. Dadurch kann Ihr Rechner wiedererkannt werden, wenn Sie auf unsere Website zur\u00fcckkehren. Die Session-Cookies werden gel\u00f6scht, wenn Sie sich ausloggen oder den Browser schlie\u00dfen.<\/p>\r\n<p>c) Persistente Cookies werden automatisiert nach einer vorgegebenen Dauer gel\u00f6scht, die sich je nach Cookie unterscheiden kann. Sie k\u00f6nnen die Cookies in den Sicherheitseinstellungen Ihres Browsers jederzeit l\u00f6schen.<\/p>\r\n<p>d) Sie k\u00f6nnen Ihre Browser-Einstellung entsprechend Ihren W\u00fcnschen konfigurieren und z. B. die Annahme von Third-Party-Cookies oder allen Cookies ablehnen. Wir weisen Sie darauf hin, dass Sie eventuell nicht alle Funktionen dieser Website nutzen k\u00f6nnen.<\/p>\r\n<p><strong>\u00a7 4 Weitere Funktionen und Angebote unserer Website<\/strong><\/p>\r\n<p>(1) Neben der rein informatorischen Nutzung unserer Website bieten wir verschiedene Leistungen an, die Sie bei Interesse nutzen k\u00f6nnen. Dazu m\u00fcssen Sie in der Regel weitere personenbezogene Daten angeben, die wir zur Erbringung der jeweiligen Leistung nutzen und f\u00fcr die die zuvor genannten Grunds\u00e4tze zur Datenverarbeitung gelten.<\/p>\r\n<p>(2) Bei Ihrer Kontaktaufnahme mit uns per E-Mail oder \u00fcber ein Kontaktformular werden die von Ihnen mitgeteilten Daten (Ihre E-Mail-Adresse, ggf. Ihr Name und Ihre Telefonnummer) von uns gespeichert, um Ihre Fragen zu beantworten. Die in diesem Zusammenhang anfallenden Daten l\u00f6schen wir, nachdem die Speicherung nicht mehr erforderlich ist, oder schr\u00e4nken die Verarbeitung ein, falls gesetzliche Aufbewahrungspflichten bestehen. Rechtsgrundlage ist\u00a0Art. 6 Abs. 1 S. 1 lit. b DSGVO.<\/p>\r\n<p><strong>\u00a7 5 Widerspruch oder Widerruf gegen die Verarbeitung Ihrer Daten<\/strong><\/p>\r\n<p>(1) Falls Sie eine Einwilligung zur Verarbeitung Ihrer Daten erteilt haben, k\u00f6nnen Sie diese jederzeit widerrufen. Ein solcher Widerruf beeinflusst die Zul\u00e4ssigkeit der Verarbeitung Ihrer personenbezogenen Daten, nachdem Sie ihn gegen\u00fcber uns ausgesprochen haben.<\/p>\r\n<p>(2) Soweit wir die Verarbeitung Ihrer personenbezogenen Daten auf die Interessenabw\u00e4gung st\u00fctzen, k\u00f6nnen Sie Widerspruch gegen die Verarbeitung einlegen. Dies ist der Fall, wenn die Verarbeitung insbesondere nicht zur Erf\u00fcllung eines Vertrags mit Ihnen erforderlich ist, was von uns jeweils bei der nachfolgenden Beschreibung der Funktionen dargestellt wird. Bei Aus\u00fcbung eines solchen Widerspruchs bitten wir um Darlegung der Gr\u00fcnde, weshalb wir Ihre personenbezogenen Daten nicht wie von uns durchgef\u00fchrt verarbeiten sollten. Im Falle Ihres begr\u00fcndeten Widerspruchs pr\u00fcfen wir die Sachlage und werden entweder die Datenverarbeitung einstellen bzw. anpassen oder Ihnen unsere zwingenden schutzw\u00fcrdigen Gr\u00fcnde aufzeigen, aufgrund derer wir die Verarbeitung fortf\u00fchren.<\/p>\r\n<p>(3) Selbstverst\u00e4ndlich k\u00f6nnen Sie der Verarbeitung Ihrer personenbezogenen Daten f\u00fcr Zwecke der Werbung und Datenanalyse jederzeit widersprechen.<\/p>\r\n<p><strong>\u00a7 6 Einbindung von Google Maps<\/strong><\/p>\r\n<p>(1) Auf dieser Webseite nutzen wir das Angebot von Google Maps. Dadurch k\u00f6nnen wir Ihnen interaktive Karten direkt in der Website anzeigen und erm\u00f6glichen Ihnen die komfortable Nutzung der Karten-Funktion.<\/p>\r\n<p>(2) Durch den Besuch auf der Website erh\u00e4lt Google die Information, dass Sie die entsprechende Unterseite unserer Website aufgerufen haben. Zudem werden die unter \u00a7 3 dieser Erkl\u00e4rung genannten Daten \u00fcbermittelt. Dies erfolgt unabh\u00e4ngig davon, ob Google ein Nutzerkonto bereitstellt, \u00fcber das Sie eingeloggt sind, oder ob kein Nutzerkonto besteht. Wenn Sie bei Google eingeloggt sind, werden Ihre Daten direkt Ihrem Konto zugeordnet. Wenn Sie die Zuordnung mit Ihrem Profil bei Google nicht w\u00fcnschen, m\u00fcssen Sie sich vor Aktivierung des Buttons ausloggen. Google speichert Ihre Daten als Nutzungsprofile und nutzt sie f\u00fcr Zwecke der Werbung, Marktforschung und\/oder bedarfsgerechten Gestaltung seiner Website. Eine solche Auswertung erfolgt insbesondere (selbst f\u00fcr nicht eingeloggte Nutzer) zur Erbringung von bedarfsgerechter Werbung und um andere Nutzer des sozialen Netzwerks \u00fcber Ihre Aktivit\u00e4ten auf unserer Website zu informieren. Ihnen steht ein Widerspruchsrecht zu gegen die Bildung dieser Nutzerprofile, wobei Sie sich zur Aus\u00fcbung dessen an Google richten m\u00fcssen.<\/p>\r\n<p>(3) Weitere Informationen zu Zweck und Umfang der Datenerhebung und ihrer Verarbeitung durch den Plug-in-Anbieter erhalten Sie in den Datenschutzerkl\u00e4rungen des Anbieters. Dort erhalten Sie auch weitere Informationen zu Ihren diesbez\u00fcglichen Rechten und Einstellungsm\u00f6glichkeiten zum Schutze Ihrer Privatsph\u00e4re:\u00a0http:\/\/www.google.de\/intl\/de\/policies\/privacy. Google verarbeitet Ihre personenbezogenen Daten auch in den USA und hat sich dem EU-US Privacy Shield unterworfen,\u00a0https:\/\/www.privacyshield.gov\/EU-US-Framework.<\/p>\r\n<p><strong>\u00a7 7 Google Web Fonts<\/strong><\/p>\r\n<p>(1) Wir setzen auf unserer Website sogenannte Web Fonts der Firma Google ein. Beim Aufruf einer Seite wird eine Verbindung zum Google Server hergestellt und ihr Browser l\u00e4dt die ben\u00f6tigten Web Fonts in Ihren Browsercache. Dadurch k\u00f6nnen Schriftarten und Texte auf der Seite fehlerfrei angezeigt werden. Durch die Verbindung zu Google wird Ihre IP-Adresse an Google weitergeleitet. Dadurch erh\u00e4lt Google Kenntnis dar\u00fcber, dass Sie unsere Website aufgerufen haben.<\/p>\r\n<p>(2) Durch die Nutzung von Google Web Fonts kann unsere Seite eine einheitliche Darstellung unserer Online-Angebote gew\u00e4hrleisten. Daran haben wir ein berechtigtes Interesse im Sinne von\u00a0Art. 6 Abs. 1 lit. f DSGVO.<\/p>\r\n<p>(3) Sollte Ihr Browser Google Web Fonts nicht unterst\u00fctzen, so wird stattdessen eine Standardschrift gew\u00e4hlt.<\/p>\r\n<p>(4) N\u00e4heres dazu entnehmen Sie bitte der Datenschutzerkl\u00e4rung von Google (https:\/\/www.google.com\/policies\/privacy\/) und unter folgenden Link: https:\/\/developers.google.com\/fonts\/faq.<\/p>\r\n<p><strong>\u00a7 8 Eingebettete Youtube Videos<\/strong><\/p>\r\n<p>(1)Wir nutzen die YouTube Funktion No-Cookies, d.h. wir haben\u00a0<em>Erweiterten Datenschutz<\/em>\u00a0aktiviert, Videos werden nicht \u00fcber\u00a0<em>youtube.com<\/em>, sondern \u00fcber\u00a0<em>youtube-nocookie.com<\/em>\u00a0aufgerufen.<\/p>\r\n<p>(2)Diesen Dienst stellt YouTube selbst bereit und sichert damit zu, dass YouTube zun\u00e4chst keine Cookies auf Ihrem Ger\u00e4t speichert. Beim Aufruf der betreffenden Seiten werden allerdings die IP-Adresse und weitere Daten \u00fcbertragen und so insbesondere mitgeteilt, welche unserer Internetseiten Sie besucht haben. Diese Information l\u00e4sst sich jedoch nicht Ihnen zuordnen, wenn Sie bei dem Seitenaufruf nicht bei YouTube oder einem anderen Google-Dienst dauerhaft angemeldet sind.<\/p>\r\n<div class=\"informmain-content content-artikelseite content-artikelseite-top content-after-header content-artikel clearfix\">\r\n<div class=\"container\">\r\n<div class=\"row clearfix\">\r\n<div class=\"col-md-12\">\r\n<div class=\"artikel-text-standard\">\r\n<div id=\"c13675\" class=\"text-media\">\r\n<div class=\"ce-textpic ce-center ce-above\">\r\n<div class=\"ce-bodytext\">\r\n<p>(3)Sobald Sie die Wiedergabe eines eingebundenen Videos durch Anklicken starten, speichert YouTube durch den erweiterten Datenschutzmodus auf Ihrem Ger\u00e4t nur Cookies, die keine pers\u00f6nlich identifizierbaren Daten enthalten, es sei denn Sie sind aktuell bei einem Google-Dienst angemeldet. Diese Cookies lassen sich durch entsprechende Browsereinstellungen und -erweiterungen verhindern.<\/p>\r\n<p>(4)N\u00e4heres dazu entnehmen Sie bitte der Datenschutzerkl\u00e4rung von Google (https:\/\/www.google.com\/policies\/privacy\/).<\/p>\r\n<\/div>\r\n<\/div>\r\n<\/div>\r\n<\/div>\r\n<\/div>\r\n<\/div>\r\n<\/div>\r\n<\/div>\r\n","protected":false},"excerpt":{"rendered":"<p>\u00a7 1 Information \u00fcber die Erhebung personenbezogener Daten (1) Im Folgenden informieren wir \u00fcber die Erhebung personenbezogener Daten bei Nutzung unserer Website. Personenbezogene Daten sind alle Daten, die auf Sie pers\u00f6nlich beziehbar sind, z.B. Name, Adresse, E-Mail-Adressen, Nutzerverhalten.(2) Verantwortlicher gem. Art. 4 Abs. 7 EU-Datenschutz-Grundverordnung (DSGVO) ist Dr. Michael Thalwitzer, Akazienweg 16, 50859 K\u00f6ln, E-Mail-Adresse:&hellip;<\/p>\n","protected":false},"author":1,"featured_media":0,"parent":0,"menu_order":0,"comment_status":"closed","ping_status":"open","template":"","meta":{"advgb_blocks_editor_width":"","advgb_blocks_columns_visual_guide":"","footnotes":""},"class_list":["post-3","page","type-page","status-publish","hentry","description-off"],"coauthors":[],"author_meta":{"author_link":"https:\/\/boomerswelt.de\/?author=1","display_name":"admin"},"relative_dates":{"created":"Posted 2\u00a0Jahren ago","modified":"Updated 2\u00a0Monaten ago"},"absolute_dates":{"created":"Posted on Februar 25, 2024","modified":"Updated on M\u00e4rz 7, 2026"},"absolute_dates_time":{"created":"Posted on Februar 25, 2024 3:43 p.m.","modified":"Updated on M\u00e4rz 7, 2026 5:31 p.m."},"featured_img_caption":"","featured_img":false,"series_order":"","_links":{"self":[{"href":"https:\/\/boomerswelt.de\/index.php?rest_route=\/wp\/v2\/pages\/3","targetHints":{"allow":["GET"]}}],"collection":[{"href":"https:\/\/boomerswelt.de\/index.php?rest_route=\/wp\/v2\/pages"}],"about":[{"href":"https:\/\/boomerswelt.de\/index.php?rest_route=\/wp\/v2\/types\/page"}],"author":[{"embeddable":true,"href":"https:\/\/boomerswelt.de\/index.php?rest_route=\/wp\/v2\/users\/1"}],"replies":[{"embeddable":true,"href":"https:\/\/boomerswelt.de\/index.php?rest_route=%2Fwp%2Fv2%2Fcomments&post=3"}],"version-history":[{"count":1,"href":"https:\/\/boomerswelt.de\/index.php?rest_route=\/wp\/v2\/pages\/3\/revisions"}],"predecessor-version":[{"id":85,"href":"https:\/\/boomerswelt.de\/index.php?rest_route=\/wp\/v2\/pages\/3\/revisions\/85"}],"wp:attachment":[{"href":"https:\/\/boomerswelt.de\/index.php?rest_route=%2Fwp%2Fv2%2Fmedia&parent=3"}],"curies":[{"name":"wp","href":"https:\/\/api.w.org\/{rel}","templated":true}]}}